{"id":32,"date":"2022-08-27T13:35:31","date_gmt":"2022-08-27T11:35:31","guid":{"rendered":"https:\/\/www.tandem-dortmund.de\/tandem\/?page_id=32"},"modified":"2022-08-28T18:02:25","modified_gmt":"2022-08-28T16:02:25","slug":"ueber-uns","status":"publish","type":"page","link":"https:\/\/www.tandem-dortmund.de\/tandem\/ueber-uns\/","title":{"rendered":"\u00dcber uns"},"content":{"rendered":"\t\t<div data-elementor-type=\"wp-page\" data-elementor-id=\"32\" class=\"elementor elementor-32\">\n\t\t\t\t\t\t<section class=\"elementor-section elementor-top-section elementor-element elementor-element-a8b9f9c elementor-section-boxed elementor-section-height-default elementor-section-height-default\" data-id=\"a8b9f9c\" data-element_type=\"section\" data-e-type=\"section\">\n\t\t\t\t\t\t<div class=\"elementor-container elementor-column-gap-default\">\n\t\t\t\t\t<div class=\"elementor-column elementor-col-100 elementor-top-column elementor-element elementor-element-4fb912c\" data-id=\"4fb912c\" data-element_type=\"column\" data-e-type=\"column\">\n\t\t\t<div class=\"elementor-widget-wrap elementor-element-populated\">\n\t\t\t\t\t\t<div class=\"elementor-element elementor-element-85c5459 elementor-widget elementor-widget-heading\" data-id=\"85c5459\" data-element_type=\"widget\" data-e-type=\"widget\" data-widget_type=\"heading.default\">\n\t\t\t\t<div class=\"elementor-widget-container\">\n\t\t\t\t\t<h2 class=\"elementor-heading-title elementor-size-default\">\u00dcber uns<\/h2>\t\t\t\t<\/div>\n\t\t\t\t<\/div>\n\t\t\t\t<section class=\"elementor-section elementor-inner-section elementor-element elementor-element-22892ea elementor-section-boxed elementor-section-height-default elementor-section-height-default\" data-id=\"22892ea\" data-element_type=\"section\" data-e-type=\"section\">\n\t\t\t\t\t\t<div class=\"elementor-container elementor-column-gap-default\">\n\t\t\t\t\t<div class=\"elementor-column elementor-col-50 elementor-inner-column elementor-element elementor-element-fbddf5e\" data-id=\"fbddf5e\" data-element_type=\"column\" data-e-type=\"column\">\n\t\t\t<div class=\"elementor-widget-wrap elementor-element-populated\">\n\t\t\t\t\t\t<div class=\"elementor-element elementor-element-dbfabee elementor-widget elementor-widget-text-editor\" data-id=\"dbfabee\" data-element_type=\"widget\" data-e-type=\"widget\" data-widget_type=\"text-editor.default\">\n\t\t\t\t<div class=\"elementor-widget-container\">\n\t\t\t\t\t\t\t\t\t<p>Zeit vergeht \u2026 Qualit\u00e4t bleibt bestehen. Gem\u00e4\u00df diesem Motto haben sich beide Meisterinnen den Sinn f\u00fcr \u201ealte Sch\u00e4tzchen\u201c bewahrt. Christiane Schedlbauer wei\u00df genau, wie sie Familienschmuck oder Erbst\u00fccken neues Leben einhauchen kann: durch Umarbeiten nach individuellen W\u00fcnschen beispielsweise. \u201eAuch Einschmelzen ist eine Alternative \u2013 so entsteht aus Altem etwas v\u00f6llig Neues\u201c, sagt die Goldschmiedin. \u201eDie Erinnerung bleibt erhalten, gleichzeitig kann sich die Tr\u00e4gerin oder der Tr\u00e4ger an einem zeitgem\u00e4\u00dfen hochwertigen Schmuckst\u00fcck erfreuen.\u201c Auch alte Uhren d\u00fcrfe man nie abschreiben, wei\u00df Petra Biermann. Sie macht sogar Hausbesuche, um eine Gro\u00df- oder Standuhr wieder in Gang zu bringen. Auch manche Taschenuhr erlebe ihre Renaissance, berichtet die Uhrmachermeisterin: \u201eUnsere Kunden staunen immer wieder, was eine Aufarbeitung, Reinigung oder Reparatur aus ihrem Familienerbst\u00fcck machen kann.\u201c<\/p>\t\t\t\t\t\t\t\t<\/div>\n\t\t\t\t<\/div>\n\t\t\t\t\t<\/div>\n\t\t<\/div>\n\t\t\t\t<div class=\"elementor-column elementor-col-50 elementor-inner-column elementor-element elementor-element-b19bbfc\" data-id=\"b19bbfc\" data-element_type=\"column\" data-e-type=\"column\">\n\t\t\t<div class=\"elementor-widget-wrap elementor-element-populated\">\n\t\t\t\t\t\t<div class=\"elementor-element elementor-element-a98ce4c elementor-widget elementor-widget-image\" data-id=\"a98ce4c\" data-element_type=\"widget\" data-e-type=\"widget\" data-widget_type=\"image.default\">\n\t\t\t\t<div class=\"elementor-widget-container\">\n\t\t\t\t\t\t\t\t\t\t\t\t\t\t\t<img fetchpriority=\"high\" decoding=\"async\" width=\"845\" height=\"1024\" src=\"https:\/\/www.tandem-dortmund.de\/tandem\/wp-content\/uploads\/2022\/08\/IMG_2993-scaled-e1661702306582-845x1024.jpeg\" class=\"attachment-large size-large wp-image-175\" alt=\"\" srcset=\"https:\/\/www.tandem-dortmund.de\/tandem\/wp-content\/uploads\/2022\/08\/IMG_2993-scaled-e1661702306582-845x1024.jpeg 845w, https:\/\/www.tandem-dortmund.de\/tandem\/wp-content\/uploads\/2022\/08\/IMG_2993-scaled-e1661702306582-768x931.jpeg 768w\" sizes=\"(max-width: 845px) 100vw, 845px\" \/>\t\t\t\t\t\t\t\t\t\t\t\t\t\t\t<\/div>\n\t\t\t\t<\/div>\n\t\t\t\t\t<\/div>\n\t\t<\/div>\n\t\t\t\t\t<\/div>\n\t\t<\/section>\n\t\t\t\t\t<\/div>\n\t\t<\/div>\n\t\t\t\t\t<\/div>\n\t\t<\/section>\n\t\t\t\t<\/div>\n\t\t","protected":false},"excerpt":{"rendered":"<p>\u00dcber uns Zeit vergeht \u2026 Qualit\u00e4t bleibt bestehen. Gem\u00e4\u00df diesem Motto haben sich beide Meisterinnen den Sinn f\u00fcr \u201ealte Sch\u00e4tzchen\u201c bewahrt. Christiane Schedlbauer wei\u00df genau, wie sie Familienschmuck oder Erbst\u00fccken neues Leben einhauchen kann: durch Umarbeiten nach individuellen W\u00fcnschen beispielsweise. \u201eAuch Einschmelzen ist eine Alternative \u2013 so entsteht aus Altem etwas v\u00f6llig Neues\u201c, sagt die [&hellip;]<\/p>\n","protected":false},"author":2,"featured_media":0,"parent":0,"menu_order":0,"comment_status":"closed","ping_status":"closed","template":"","meta":{"footnotes":""},"class_list":["post-32","page","type-page","status-publish","hentry","entry"],"aioseo_notices":[],"_links":{"self":[{"href":"https:\/\/www.tandem-dortmund.de\/tandem\/wp-json\/wp\/v2\/pages\/32","targetHints":{"allow":["GET"]}}],"collection":[{"href":"https:\/\/www.tandem-dortmund.de\/tandem\/wp-json\/wp\/v2\/pages"}],"about":[{"href":"https:\/\/www.tandem-dortmund.de\/tandem\/wp-json\/wp\/v2\/types\/page"}],"author":[{"embeddable":true,"href":"https:\/\/www.tandem-dortmund.de\/tandem\/wp-json\/wp\/v2\/users\/2"}],"replies":[{"embeddable":true,"href":"https:\/\/www.tandem-dortmund.de\/tandem\/wp-json\/wp\/v2\/comments?post=32"}],"version-history":[{"count":0,"href":"https:\/\/www.tandem-dortmund.de\/tandem\/wp-json\/wp\/v2\/pages\/32\/revisions"}],"wp:attachment":[{"href":"https:\/\/www.tandem-dortmund.de\/tandem\/wp-json\/wp\/v2\/media?parent=32"}],"curies":[{"name":"wp","href":"https:\/\/api.w.org\/{rel}","templated":true}]}}