{"id":20,"date":"2022-08-27T13:32:23","date_gmt":"2022-08-27T11:32:23","guid":{"rendered":"https:\/\/www.tandem-dortmund.de\/tandem\/?page_id=20"},"modified":"2022-09-03T18:28:04","modified_gmt":"2022-09-03T16:28:04","slug":"startseite","status":"publish","type":"page","link":"https:\/\/www.tandem-dortmund.de\/tandem\/","title":{"rendered":""},"content":{"rendered":"\t\t<div data-elementor-type=\"wp-page\" data-elementor-id=\"20\" class=\"elementor elementor-20\">\n\t\t\t\t\t\t<section class=\"elementor-section elementor-top-section elementor-element elementor-element-9ef087b elementor-section-boxed elementor-section-height-default elementor-section-height-default\" data-id=\"9ef087b\" data-element_type=\"section\" data-e-type=\"section\">\n\t\t\t\t\t\t<div class=\"elementor-container elementor-column-gap-default\">\n\t\t\t\t\t<div class=\"elementor-column elementor-col-100 elementor-top-column elementor-element elementor-element-7618ceb\" data-id=\"7618ceb\" data-element_type=\"column\" data-e-type=\"column\">\n\t\t\t<div class=\"elementor-widget-wrap elementor-element-populated\">\n\t\t\t\t\t\t<div class=\"elementor-element elementor-element-f361084 elementor-widget elementor-widget-image\" data-id=\"f361084\" data-element_type=\"widget\" data-e-type=\"widget\" data-widget_type=\"image.default\">\n\t\t\t\t<div class=\"elementor-widget-container\">\n\t\t\t\t\t\t\t\t\t\t\t\t\t\t\t<img fetchpriority=\"high\" decoding=\"async\" width=\"1024\" height=\"319\" src=\"https:\/\/www.tandem-dortmund.de\/tandem\/wp-content\/uploads\/2022\/08\/Tandem_Phoenixsee_01-1024x319-1.jpeg\" class=\"attachment-large size-large wp-image-108\" alt=\"\" srcset=\"https:\/\/www.tandem-dortmund.de\/tandem\/wp-content\/uploads\/2022\/08\/Tandem_Phoenixsee_01-1024x319-1.jpeg 1024w, https:\/\/www.tandem-dortmund.de\/tandem\/wp-content\/uploads\/2022\/08\/Tandem_Phoenixsee_01-1024x319-1-300x93.jpeg 300w, https:\/\/www.tandem-dortmund.de\/tandem\/wp-content\/uploads\/2022\/08\/Tandem_Phoenixsee_01-1024x319-1-768x239.jpeg 768w\" sizes=\"(max-width: 1024px) 100vw, 1024px\" \/>\t\t\t\t\t\t\t\t\t\t\t\t\t\t\t<\/div>\n\t\t\t\t<\/div>\n\t\t\t\t\t<\/div>\n\t\t<\/div>\n\t\t\t\t\t<\/div>\n\t\t<\/section>\n\t\t\t\t<section class=\"elementor-section elementor-top-section elementor-element elementor-element-544b459 elementor-section-boxed elementor-section-height-default elementor-section-height-default\" data-id=\"544b459\" data-element_type=\"section\" data-e-type=\"section\">\n\t\t\t\t\t\t<div class=\"elementor-container elementor-column-gap-default\">\n\t\t\t\t\t<div class=\"elementor-column elementor-col-100 elementor-top-column elementor-element elementor-element-a7d45fb\" data-id=\"a7d45fb\" data-element_type=\"column\" data-e-type=\"column\">\n\t\t\t<div class=\"elementor-widget-wrap elementor-element-populated\">\n\t\t\t\t\t\t<div class=\"elementor-element elementor-element-ca30390 elementor-widget elementor-widget-text-editor\" data-id=\"ca30390\" data-element_type=\"widget\" data-e-type=\"widget\" data-widget_type=\"text-editor.default\">\n\t\t\t\t<div class=\"elementor-widget-container\">\n\t\t\t\t\t\t\t\t\t<p>Seit mittlerweile \u00fcber 30 Jahren besteht unser Schmuck- und Uhrengesch\u00e4ft TANDEM im Herzen von Dortmund-H\u00f6rde, Alfred-Trappen-Stra\u00dfe 6. Nahe dem beliebten Ausflugsziel Phoenixsee ist TANDEM erste Adresse f\u00fcr alle, die etwas Besonderes suchen. In unserem Sortiment finden Sie klingende Namen wie Rauschmeyer, Boccia, \u00a0Bernd Wolf, Doosti, Manu oder Rolf Cremer und noch viele mehr.<\/p>\n<p><!-- \/wp:paragraph --><!-- wp:heading {\"textAlign\":\"center\"} --><\/p>\t\t\t\t\t\t\t\t<\/div>\n\t\t\t\t<\/div>\n\t\t\t\t\t<\/div>\n\t\t<\/div>\n\t\t\t\t\t<\/div>\n\t\t<\/section>\n\t\t\t\t<section class=\"elementor-section elementor-top-section elementor-element elementor-element-705e696 elementor-section-boxed elementor-section-height-default elementor-section-height-default\" data-id=\"705e696\" data-element_type=\"section\" data-e-type=\"section\">\n\t\t\t\t\t\t<div class=\"elementor-container elementor-column-gap-default\">\n\t\t\t\t\t<div class=\"elementor-column elementor-col-100 elementor-top-column elementor-element elementor-element-03001b1\" data-id=\"03001b1\" data-element_type=\"column\" data-e-type=\"column\">\n\t\t\t<div class=\"elementor-widget-wrap elementor-element-populated\">\n\t\t\t\t\t\t<div class=\"elementor-element elementor-element-96d2ea3 elementor-widget elementor-widget-text-editor\" data-id=\"96d2ea3\" data-element_type=\"widget\" data-e-type=\"widget\" data-widget_type=\"text-editor.default\">\n\t\t\t\t<div class=\"elementor-widget-container\">\n\t\t\t\t\t\t\t\t\t<p><strong>&#8222;Zeit vergeht, Qualit\u00e4t besteht.&#8220;<\/strong><\/p>\t\t\t\t\t\t\t\t<\/div>\n\t\t\t\t<\/div>\n\t\t\t\t\t<\/div>\n\t\t<\/div>\n\t\t\t\t\t<\/div>\n\t\t<\/section>\n\t\t\t\t<section class=\"elementor-section elementor-top-section elementor-element elementor-element-3e28954e elementor-section-boxed elementor-section-height-default elementor-section-height-default\" data-id=\"3e28954e\" data-element_type=\"section\" data-e-type=\"section\">\n\t\t\t\t\t\t<div class=\"elementor-container elementor-column-gap-default\">\n\t\t\t\t\t<div class=\"elementor-column elementor-col-100 elementor-top-column elementor-element elementor-element-7ff98d6f\" data-id=\"7ff98d6f\" data-element_type=\"column\" data-e-type=\"column\">\n\t\t\t<div class=\"elementor-widget-wrap elementor-element-populated\">\n\t\t\t\t\t\t<div class=\"elementor-element elementor-element-3b4851be elementor-widget elementor-widget-text-editor\" data-id=\"3b4851be\" data-element_type=\"widget\" data-e-type=\"widget\" data-widget_type=\"text-editor.default\">\n\t\t\t\t<div class=\"elementor-widget-container\">\n\t\t\t\t\t\t\t\t\t<p><!-- wp:paragraph --><\/p>\n<p><!-- \/wp:heading --><!-- wp:paragraph --><\/p>\n<p>Zwei Meisterwerkst\u00e4tten unter einem Dach machen TANDEM selbst auch zu etwas Besonderem: Wir \u2013 die Goldschmiedemeisterin Christiane Schedlbauer und die Uhrmachermeisterin Petra Biermann \u2013 garantieren h\u00f6chste Qualit\u00e4t, umfassende Beratung und nach Ihren W\u00fcnschen individuell gefertigte Schmuckst\u00fccke. Selbstverst\u00e4ndlich f\u00fchren wir in unseren Werkst\u00e4tten neben Reparaturen auch Uhren- und Schmuckreinigungen aus \u2013 schnell und sorgf\u00e4ltig.\u00a0<\/p>\n<p><!-- \/wp:paragraph --><\/p>\t\t\t\t\t\t\t\t<\/div>\n\t\t\t\t<\/div>\n\t\t\t\t\t<\/div>\n\t\t<\/div>\n\t\t\t\t\t<\/div>\n\t\t<\/section>\n\t\t\t\t<\/div>\n\t\t","protected":false},"excerpt":{"rendered":"<p>Seit mittlerweile \u00fcber 30 Jahren besteht unser Schmuck- und Uhrengesch\u00e4ft TANDEM im Herzen von Dortmund-H\u00f6rde, Alfred-Trappen-Stra\u00dfe 6. Nahe dem beliebten Ausflugsziel Phoenixsee ist TANDEM erste Adresse f\u00fcr alle, die etwas Besonderes suchen. In unserem Sortiment finden Sie klingende Namen wie Rauschmeyer, Boccia, \u00a0Bernd Wolf, Doosti, Manu oder Rolf Cremer und noch viele mehr. &#8222;Zeit vergeht, [&hellip;]<\/p>\n","protected":false},"author":2,"featured_media":0,"parent":0,"menu_order":0,"comment_status":"closed","ping_status":"closed","template":"","meta":{"footnotes":""},"class_list":["post-20","page","type-page","status-publish","hentry","entry"],"aioseo_notices":[],"_links":{"self":[{"href":"https:\/\/www.tandem-dortmund.de\/tandem\/wp-json\/wp\/v2\/pages\/20","targetHints":{"allow":["GET"]}}],"collection":[{"href":"https:\/\/www.tandem-dortmund.de\/tandem\/wp-json\/wp\/v2\/pages"}],"about":[{"href":"https:\/\/www.tandem-dortmund.de\/tandem\/wp-json\/wp\/v2\/types\/page"}],"author":[{"embeddable":true,"href":"https:\/\/www.tandem-dortmund.de\/tandem\/wp-json\/wp\/v2\/users\/2"}],"replies":[{"embeddable":true,"href":"https:\/\/www.tandem-dortmund.de\/tandem\/wp-json\/wp\/v2\/comments?post=20"}],"version-history":[{"count":6,"href":"https:\/\/www.tandem-dortmund.de\/tandem\/wp-json\/wp\/v2\/pages\/20\/revisions"}],"predecessor-version":[{"id":352,"href":"https:\/\/www.tandem-dortmund.de\/tandem\/wp-json\/wp\/v2\/pages\/20\/revisions\/352"}],"wp:attachment":[{"href":"https:\/\/www.tandem-dortmund.de\/tandem\/wp-json\/wp\/v2\/media?parent=20"}],"curies":[{"name":"wp","href":"https:\/\/api.w.org\/{rel}","templated":true}]}}